{"id":11343,"date":"2025-01-08T13:00:48","date_gmt":"2025-01-08T16:00:48","guid":{"rendered":"https:\/\/www.pacificoresearch.com\/?page_id=11343"},"modified":"2025-02-04T11:11:13","modified_gmt":"2025-02-04T14:11:13","slug":"suscripcion","status":"publish","type":"page","link":"https:\/\/pacificoresearch.com\/en\/suscripcion\/","title":{"rendered":"Suscripci\u00f3n"},"content":{"rendered":"\t\t<div data-elementor-type=\"wp-page\" data-elementor-id=\"11343\" class=\"elementor elementor-11343\" data-elementor-post-type=\"page\">\n\t\t\t\t\t\t<section class=\"elementor-section elementor-top-section elementor-element elementor-element-f94406e elementor-section-boxed elementor-section-height-default elementor-section-height-default\" data-id=\"f94406e\" data-element_type=\"section\" data-e-type=\"section\">\n\t\t\t\t\t\t<div class=\"elementor-container elementor-column-gap-default\">\n\t\t\t\t\t<div class=\"elementor-column elementor-col-100 elementor-top-column elementor-element elementor-element-79211cb\" data-id=\"79211cb\" data-element_type=\"column\" data-e-type=\"column\">\n\t\t\t<div class=\"elementor-widget-wrap elementor-element-populated\">\n\t\t\t\t\t\t<div class=\"elementor-element elementor-element-e743931 elementor-widget elementor-widget-spacer\" data-id=\"e743931\" data-element_type=\"widget\" data-e-type=\"widget\" data-widget_type=\"spacer.default\">\n\t\t\t\t<div class=\"elementor-widget-container\">\n\t\t\t\t\t\t\t<div class=\"elementor-spacer\">\n\t\t\t<div class=\"elementor-spacer-inner\"><\/div>\n\t\t<\/div>\n\t\t\t\t\t\t<\/div>\n\t\t\t\t<\/div>\n\t\t\t\t<div class=\"elementor-element elementor-element-08dc3cb elementor-widget elementor-widget-heading\" data-id=\"08dc3cb\" data-element_type=\"widget\" data-e-type=\"widget\" data-widget_type=\"heading.default\">\n\t\t\t\t<div class=\"elementor-widget-container\">\n\t\t\t\t\t<h2 class=\"elementor-heading-title elementor-size-default\">SUSCR\u00cdBASE Y RECIBA NUESTROS DATOS DE MERCADO\u200b<\/h2>\t\t\t\t<\/div>\n\t\t\t\t<\/div>\n\t\t\t\t<div class=\"elementor-element elementor-element-88a5bea elementor-widget elementor-widget-text-editor\" data-id=\"88a5bea\" data-element_type=\"widget\" data-e-type=\"widget\" data-widget_type=\"text-editor.default\">\n\t\t\t\t<div class=\"elementor-widget-container\">\n\t\t\t\t\t\t\t\t\t<div class=\"elementor-element elementor-element-ce8dccf elementor-widget elementor-widget-text-editor\" data-id=\"ce8dccf\" data-element_type=\"widget\" data-widget_type=\"text-editor.default\"><div class=\"elementor-widget-container\"><p>Data actualizada para uso interno de su organizaci\u00f3n.<\/p><\/div><\/div><div class=\"elementor-element elementor-element-58000a8 elementor-button-align-stretch elementor-widget elementor-widget-form\" data-id=\"58000a8\" data-element_type=\"widget\" data-settings=\"{&quot;step_next_label&quot;:&quot;Siguiente&quot;,&quot;step_previous_label&quot;:&quot;Anterior&quot;,&quot;button_width&quot;:&quot;100&quot;,&quot;step_type&quot;:&quot;number_text&quot;,&quot;step_icon_shape&quot;:&quot;circle&quot;}\" data-widget_type=\"form.default\"><div class=\"elementor-widget-container\"><form class=\"elementor-form\" method=\"post\" name=\"Nuevo formulario\"><div class=\"elementor-form-fields-wrapper elementor-labels-\"><div class=\"elementor-field-type-email elementor-field-group elementor-column elementor-field-group-email elementor-col-100 elementor-field-required\">\u00a0<\/div><\/div><\/form><\/div><\/div>\t\t\t\t\t\t\t\t<\/div>\n\t\t\t\t<\/div>\n\t\t\t\t<div class=\"elementor-element elementor-element-2a88e65 elementor-button-align-stretch elementor-widget elementor-widget-form\" data-id=\"2a88e65\" data-element_type=\"widget\" data-e-type=\"widget\" data-settings=\"{&quot;step_next_label&quot;:&quot;Siguiente&quot;,&quot;step_previous_label&quot;:&quot;Anterior&quot;,&quot;button_width&quot;:&quot;100&quot;,&quot;step_type&quot;:&quot;number_text&quot;,&quot;step_icon_shape&quot;:&quot;circle&quot;}\" data-widget_type=\"form.default\">\n\t\t\t\t<div class=\"elementor-widget-container\">\n\t\t\t\t\t\t\t<form class=\"elementor-form\" method=\"post\" name=\"Nuevo formulario\" aria-label=\"Nuevo formulario\">\n\t\t\t<input type=\"hidden\" name=\"post_id\" value=\"11343\"\/>\n\t\t\t<input type=\"hidden\" name=\"form_id\" value=\"2a88e65\"\/>\n\t\t\t<input type=\"hidden\" name=\"referer_title\" value=\"Suscripci\u00f3n &#183; Pacifico Research\" \/>\n\n\t\t\t\t\t\t\t<input type=\"hidden\" name=\"queried_id\" value=\"11343\"\/>\n\t\t\t\n\t\t\t<div class=\"elementor-form-fields-wrapper elementor-labels-\">\n\t\t\t\t\t\t\t\t<div class=\"elementor-field-type-email elementor-field-group elementor-column elementor-field-group-email elementor-col-100 elementor-field-required\">\n\t\t\t\t\t\t\t\t\t\t\t\t<label for=\"form-field-email\" class=\"elementor-field-label elementor-screen-only\">\n\t\t\t\t\t\t\t\tEmail\t\t\t\t\t\t\t<\/label>\n\t\t\t\t\t\t\t\t\t\t\t\t\t\t<input size=\"1\" type=\"email\" name=\"form_fields[email]\" id=\"form-field-email\" class=\"elementor-field elementor-size-sm  elementor-field-textual\" placeholder=\"Email\" required=\"required\">\n\t\t\t\t\t\t\t\t\t\t\t<\/div>\n\t\t\t\t\t\t\t\t<div class=\"elementor-field-type-checkbox elementor-field-group elementor-column elementor-field-group-field_21c02c0 elementor-col-33\">\n\t\t\t\t\t\t\t\t\t\t\t\t<label for=\"form-field-field_21c02c0\" class=\"elementor-field-label elementor-screen-only\">\n\t\t\t\t\t\t\t\tarea 1\t\t\t\t\t\t\t<\/label>\n\t\t\t\t\t\t<div class=\"elementor-field-subgroup  \"><span class=\"elementor-field-option\"><input type=\"checkbox\" value=\"Renta fija soberana y corporativa local\" id=\"form-field-field_21c02c0-0\" name=\"form_fields[field_21c02c0]\"> <label for=\"form-field-field_21c02c0-0\">Renta fija soberana y corporativa local<\/label><\/span><\/div>\t\t\t\t<\/div>\n\t\t\t\t\t\t\t\t<div class=\"elementor-field-type-checkbox elementor-field-group elementor-column elementor-field-group-field_d3277f4 elementor-col-33\">\n\t\t\t\t\t\t\t\t\t\t\t\t<label for=\"form-field-field_d3277f4\" class=\"elementor-field-label elementor-screen-only\">\n\t\t\t\t\t\t\t\tarea 2\t\t\t\t\t\t\t<\/label>\n\t\t\t\t\t\t<div class=\"elementor-field-subgroup  \"><span class=\"elementor-field-option\"><input type=\"checkbox\" value=\"Benchmarks renta fija por emisor\" id=\"form-field-field_d3277f4-0\" name=\"form_fields[field_d3277f4]\"> <label for=\"form-field-field_d3277f4-0\">Benchmarks renta fija por emisor<\/label><\/span><\/div>\t\t\t\t<\/div>\n\t\t\t\t\t\t\t\t<div class=\"elementor-field-type-checkbox elementor-field-group elementor-column elementor-field-group-field_607e552 elementor-col-33\">\n\t\t\t\t\t\t\t\t\t\t\t\t<label for=\"form-field-field_607e552\" class=\"elementor-field-label elementor-screen-only\">\n\t\t\t\t\t\t\t\tarea 3\t\t\t\t\t\t\t<\/label>\n\t\t\t\t\t\t<div class=\"elementor-field-subgroup  \"><span class=\"elementor-field-option\"><input type=\"checkbox\" value=\"Benchmarks de riesgo de contraparte por emisor\" id=\"form-field-field_607e552-0\" name=\"form_fields[field_607e552]\"> <label for=\"form-field-field_607e552-0\">Benchmarks de riesgo de contraparte por emisor<\/label><\/span><\/div>\t\t\t\t<\/div>\n\t\t\t\t\t\t\t\t<div class=\"elementor-field-type-recaptcha_v3 elementor-field-group elementor-column elementor-field-group-field_206989a elementor-col-100 recaptcha_v3-inline\">\n\t\t\t\t\t<div class=\"elementor-field\" id=\"form-field-field_206989a\"><div class=\"elementor-g-recaptcha\" data-sitekey=\"6Lcc_qohAAAAAH2niage1LE8knJFPRcjOma8_9hn\" data-type=\"v3\" data-action=\"Form\" data-badge=\"inline\" data-size=\"invisible\"><\/div><\/div>\t\t\t\t<\/div>\n\t\t\t\t\t\t\t\t<div class=\"elementor-field-group elementor-column elementor-field-type-submit elementor-col-100 e-form__buttons\">\n\t\t\t\t\t<button class=\"elementor-button elementor-size-sm\" type=\"submit\">\n\t\t\t\t\t\t<span class=\"elementor-button-content-wrapper\">\n\t\t\t\t\t\t\t\t\t\t\t\t\t\t\t\t\t\t\t\t\t\t<span class=\"elementor-button-text\">SUSCRIBIRME<\/span>\n\t\t\t\t\t\t\t\t\t\t\t\t\t<\/span>\n\t\t\t\t\t<\/button>\n\t\t\t\t<\/div>\n\t\t\t<\/div>\n\t\t<\/form>\n\t\t\t\t\t\t<\/div>\n\t\t\t\t<\/div>\n\t\t\t\t<div class=\"elementor-element elementor-element-edafe7c elementor-widget elementor-widget-text-editor\" data-id=\"edafe7c\" data-element_type=\"widget\" data-e-type=\"widget\" data-widget_type=\"text-editor.default\">\n\t\t\t\t<div class=\"elementor-widget-container\">\n\t\t\t\t\t\t\t\t\t<p>Al suscribir a este correo, acepta nuestro <span style=\"text-decoration: underline;\"><a href=\"https:\/\/www.pacificoresearch.com\/acuerdo-licencia\/\" target=\"_blank\" rel=\"noopener\">Acuerdo de Licencia de Datos de Mercado.<\/a><\/span><\/p>\t\t\t\t\t\t\t\t<\/div>\n\t\t\t\t<\/div>\n\t\t\t\t<div class=\"elementor-element elementor-element-b3ec84a elementor-widget elementor-widget-spacer\" data-id=\"b3ec84a\" data-element_type=\"widget\" data-e-type=\"widget\" data-widget_type=\"spacer.default\">\n\t\t\t\t<div class=\"elementor-widget-container\">\n\t\t\t\t\t\t\t<div class=\"elementor-spacer\">\n\t\t\t<div class=\"elementor-spacer-inner\"><\/div>\n\t\t<\/div>\n\t\t\t\t\t\t<\/div>\n\t\t\t\t<\/div>\n\t\t\t\t\t<\/div>\n\t\t<\/div>\n\t\t\t\t\t<\/div>\n\t\t<\/section>\n\t\t\t\t<\/div>\n\t\t","protected":false},"excerpt":{"rendered":"<p>SUSCR\u00cdBASE Y RECIBA NUESTROS DATOS DE MERCADO\u200b Data actualizada para uso interno de su organizaci\u00f3n. \u00a0 Al suscribir a este correo, acepta nuestro Acuerdo de Licencia de Datos de Mercado.<\/p>","protected":false},"author":1,"featured_media":0,"parent":0,"menu_order":0,"comment_status":"closed","ping_status":"closed","template":"elementor_header_footer","meta":{"_acf_changed":false,"footnotes":""},"class_list":["post-11343","page","type-page","status-publish","hentry"],"acf":[],"yoast_head":"<!-- This site is optimized with the Yoast SEO plugin v26.9 - https:\/\/yoast.com\/product\/yoast-seo-wordpress\/ -->\n<title>Suscripci\u00f3n &#183; Pacifico Research<\/title>\n<meta name=\"description\" content=\"Nuestra principal premisa es que la combinaci\u00f3n de un enfoque cient\u00edfico y el juicio de expertos es la mejor manera de contribuir a generar retornos y comprender los riesgos.\" \/>\n<meta name=\"robots\" content=\"index, follow, max-snippet:-1, max-image-preview:large, max-video-preview:-1\" \/>\n<link rel=\"canonical\" href=\"https:\/\/www.pacificoresearch.com\/suscripcion\/\" \/>\n<meta property=\"og:locale\" content=\"en_US\" \/>\n<meta property=\"og:type\" content=\"article\" \/>\n<meta property=\"og:title\" content=\"Suscripci\u00f3n &#183; Pacifico Research\" \/>\n<meta property=\"og:description\" content=\"Nuestra principal premisa es que la combinaci\u00f3n de un enfoque cient\u00edfico y el juicio de expertos es la mejor manera de contribuir a generar retornos y comprender los riesgos.\" \/>\n<meta property=\"og:url\" content=\"https:\/\/www.pacificoresearch.com\/suscripcion\/\" \/>\n<meta property=\"og:site_name\" content=\"Pacifico Research\" \/>\n<meta property=\"article:modified_time\" content=\"2025-02-04T14:11:13+00:00\" \/>\n<meta name=\"twitter:card\" content=\"summary_large_image\" \/>\n<meta name=\"twitter:label1\" content=\"Est. reading time\" \/>\n\t<meta name=\"twitter:data1\" content=\"1 minute\" \/>\n<script type=\"application\/ld+json\" class=\"yoast-schema-graph\">{\"@context\":\"https:\/\/schema.org\",\"@graph\":[{\"@type\":\"WebPage\",\"@id\":\"https:\/\/www.pacificoresearch.com\/suscripcion\/\",\"url\":\"https:\/\/www.pacificoresearch.com\/suscripcion\/\",\"name\":\"Suscripci\u00f3n &#183; Pacifico Research\",\"isPartOf\":{\"@id\":\"https:\/\/www.pacificoresearch.com\/#website\"},\"datePublished\":\"2025-01-08T16:00:48+00:00\",\"dateModified\":\"2025-02-04T14:11:13+00:00\",\"description\":\"Nuestra principal premisa es que la combinaci\u00f3n de un enfoque cient\u00edfico y el juicio de expertos es la mejor manera de contribuir a generar retornos y comprender los riesgos.\",\"breadcrumb\":{\"@id\":\"https:\/\/www.pacificoresearch.com\/suscripcion\/#breadcrumb\"},\"inLanguage\":\"en-US\",\"potentialAction\":[{\"@type\":\"ReadAction\",\"target\":[\"https:\/\/www.pacificoresearch.com\/suscripcion\/\"]}]},{\"@type\":\"BreadcrumbList\",\"@id\":\"https:\/\/www.pacificoresearch.com\/suscripcion\/#breadcrumb\",\"itemListElement\":[{\"@type\":\"ListItem\",\"position\":1,\"name\":\"Portada\",\"item\":\"https:\/\/www.pacificoresearch.com\/\"},{\"@type\":\"ListItem\",\"position\":2,\"name\":\"Suscripci\u00f3n\"}]},{\"@type\":\"WebSite\",\"@id\":\"https:\/\/www.pacificoresearch.com\/#website\",\"url\":\"https:\/\/www.pacificoresearch.com\/\",\"name\":\"Pacifico Research\",\"description\":\"Hacemos an\u00e1lisis de coyuntura de los principales datos y eventos macroecon\u00f3micos\",\"publisher\":{\"@id\":\"https:\/\/www.pacificoresearch.com\/#organization\"},\"potentialAction\":[{\"@type\":\"SearchAction\",\"target\":{\"@type\":\"EntryPoint\",\"urlTemplate\":\"https:\/\/www.pacificoresearch.com\/?s={search_term_string}\"},\"query-input\":{\"@type\":\"PropertyValueSpecification\",\"valueRequired\":true,\"valueName\":\"search_term_string\"}}],\"inLanguage\":\"en-US\"},{\"@type\":\"Organization\",\"@id\":\"https:\/\/www.pacificoresearch.com\/#organization\",\"name\":\"Pac\u00edfico Research\",\"url\":\"https:\/\/www.pacificoresearch.com\/\",\"logo\":{\"@type\":\"ImageObject\",\"inLanguage\":\"en-US\",\"@id\":\"https:\/\/www.pacificoresearch.com\/#\/schema\/logo\/image\/\",\"url\":\"http:\/\/52.40.128.194\/wp-content\/uploads\/2021\/02\/Logo-Pacifico-Research.jpg\",\"contentUrl\":\"http:\/\/52.40.128.194\/wp-content\/uploads\/2021\/02\/Logo-Pacifico-Research.jpg\",\"width\":1549,\"height\":685,\"caption\":\"Pac\u00edfico Research\"},\"image\":{\"@id\":\"https:\/\/www.pacificoresearch.com\/#\/schema\/logo\/image\/\"}}]}<\/script>\n<!-- \/ Yoast SEO plugin. -->","yoast_head_json":{"title":"Suscripci\u00f3n &#183; Pacifico Research","description":"Nuestra principal premisa es que la combinaci\u00f3n de un enfoque cient\u00edfico y el juicio de expertos es la mejor manera de contribuir a generar retornos y comprender los riesgos.","robots":{"index":"index","follow":"follow","max-snippet":"max-snippet:-1","max-image-preview":"max-image-preview:large","max-video-preview":"max-video-preview:-1"},"canonical":"https:\/\/www.pacificoresearch.com\/suscripcion\/","og_locale":"en_US","og_type":"article","og_title":"Suscripci\u00f3n &#183; Pacifico Research","og_description":"Nuestra principal premisa es que la combinaci\u00f3n de un enfoque cient\u00edfico y el juicio de expertos es la mejor manera de contribuir a generar retornos y comprender los riesgos.","og_url":"https:\/\/www.pacificoresearch.com\/suscripcion\/","og_site_name":"Pacifico Research","article_modified_time":"2025-02-04T14:11:13+00:00","twitter_card":"summary_large_image","twitter_misc":{"Est. reading time":"1 minute"},"schema":{"@context":"https:\/\/schema.org","@graph":[{"@type":"WebPage","@id":"https:\/\/www.pacificoresearch.com\/suscripcion\/","url":"https:\/\/www.pacificoresearch.com\/suscripcion\/","name":"Suscripci\u00f3n &#183; Pacifico Research","isPartOf":{"@id":"https:\/\/www.pacificoresearch.com\/#website"},"datePublished":"2025-01-08T16:00:48+00:00","dateModified":"2025-02-04T14:11:13+00:00","description":"Nuestra principal premisa es que la combinaci\u00f3n de un enfoque cient\u00edfico y el juicio de expertos es la mejor manera de contribuir a generar retornos y comprender los riesgos.","breadcrumb":{"@id":"https:\/\/www.pacificoresearch.com\/suscripcion\/#breadcrumb"},"inLanguage":"en-US","potentialAction":[{"@type":"ReadAction","target":["https:\/\/www.pacificoresearch.com\/suscripcion\/"]}]},{"@type":"BreadcrumbList","@id":"https:\/\/www.pacificoresearch.com\/suscripcion\/#breadcrumb","itemListElement":[{"@type":"ListItem","position":1,"name":"Portada","item":"https:\/\/www.pacificoresearch.com\/"},{"@type":"ListItem","position":2,"name":"Suscripci\u00f3n"}]},{"@type":"WebSite","@id":"https:\/\/www.pacificoresearch.com\/#website","url":"https:\/\/www.pacificoresearch.com\/","name":"Pacifico Research","description":"Hacemos an\u00e1lisis de coyuntura de los principales datos y eventos macroecon\u00f3micos","publisher":{"@id":"https:\/\/www.pacificoresearch.com\/#organization"},"potentialAction":[{"@type":"SearchAction","target":{"@type":"EntryPoint","urlTemplate":"https:\/\/www.pacificoresearch.com\/?s={search_term_string}"},"query-input":{"@type":"PropertyValueSpecification","valueRequired":true,"valueName":"search_term_string"}}],"inLanguage":"en-US"},{"@type":"Organization","@id":"https:\/\/www.pacificoresearch.com\/#organization","name":"Pac\u00edfico Research","url":"https:\/\/www.pacificoresearch.com\/","logo":{"@type":"ImageObject","inLanguage":"en-US","@id":"https:\/\/www.pacificoresearch.com\/#\/schema\/logo\/image\/","url":"http:\/\/52.40.128.194\/wp-content\/uploads\/2021\/02\/Logo-Pacifico-Research.jpg","contentUrl":"http:\/\/52.40.128.194\/wp-content\/uploads\/2021\/02\/Logo-Pacifico-Research.jpg","width":1549,"height":685,"caption":"Pac\u00edfico Research"},"image":{"@id":"https:\/\/www.pacificoresearch.com\/#\/schema\/logo\/image\/"}}]}},"_links":{"self":[{"href":"https:\/\/pacificoresearch.com\/en\/wp-json\/wp\/v2\/pages\/11343","targetHints":{"allow":["GET"]}}],"collection":[{"href":"https:\/\/pacificoresearch.com\/en\/wp-json\/wp\/v2\/pages"}],"about":[{"href":"https:\/\/pacificoresearch.com\/en\/wp-json\/wp\/v2\/types\/page"}],"author":[{"embeddable":true,"href":"https:\/\/pacificoresearch.com\/en\/wp-json\/wp\/v2\/users\/1"}],"replies":[{"embeddable":true,"href":"https:\/\/pacificoresearch.com\/en\/wp-json\/wp\/v2\/comments?post=11343"}],"version-history":[{"count":9,"href":"https:\/\/pacificoresearch.com\/en\/wp-json\/wp\/v2\/pages\/11343\/revisions"}],"predecessor-version":[{"id":11487,"href":"https:\/\/pacificoresearch.com\/en\/wp-json\/wp\/v2\/pages\/11343\/revisions\/11487"}],"wp:attachment":[{"href":"https:\/\/pacificoresearch.com\/en\/wp-json\/wp\/v2\/media?parent=11343"}],"curies":[{"name":"wp","href":"https:\/\/api.w.org\/{rel}","templated":true}]}}